{"id":51094,"date":"2021-08-24T10:42:34","date_gmt":"2021-08-24T10:42:34","guid":{"rendered":"https:\/\/cubeactionteam.eu\/jonas-goeweil"},"modified":"2025-05-13T10:14:24","modified_gmt":"2025-05-13T08:14:24","slug":"jonas-goeweil","status":"publish","type":"page","link":"https:\/\/cubeactionteam.eu\/en\/jonas-goeweil","title":{"rendered":"Jonas G\u00f6weil"},"content":{"rendered":"<p>[et_pb_section fb_built=&#8221;1&#8243; _builder_version=&#8221;4.24.3&#8243; background_color=&#8221;#383838&#8243; background_image=&#8221;https:\/\/cubeactionteam.eu\/wp-content\/uploads\/2024\/05\/cat_finale_ligure_lifestyle\u00a9invisions.at-37.jpg&#8221; custom_padding=&#8221;270px|45px|270px|45px|true|true&#8221; global_colors_info=&#8221;{}&#8221;][et_pb_row use_custom_gutter=&#8221;on&#8221; gutter_width=&#8221;1&#8243; module_class=&#8221; et_pb_row_fullwidth&#8221; _builder_version=&#8221;4.16&#8243; width=&#8221;100%&#8221; width_tablet=&#8221;100%&#8221; width_phone=&#8221;&#8221; width_last_edited=&#8221;on|desktop&#8221; max_width=&#8221;1410px&#8221; max_width_tablet=&#8221;100%&#8221; max_width_phone=&#8221;&#8221; max_width_last_edited=&#8221;on|desktop&#8221; make_fullwidth=&#8221;on&#8221; global_colors_info=&#8221;{}&#8221;][et_pb_column type=&#8221;4_4&#8243; _builder_version=&#8221;4.16&#8243; custom_padding=&#8221;|||&#8221; global_colors_info=&#8221;{}&#8221; custom_padding__hover=&#8221;|||&#8221;][et_pb_text _builder_version=&#8221;4.16&#8243; text_font=&#8221;Roboto Condensed||||||||&#8221; text_text_color=&#8221;#5499D4&#8243; text_font_size=&#8221;16px&#8221; header_font=&#8221;Roboto Condensed|700||on|||||&#8221; header_text_align=&#8221;left&#8221; header_text_color=&#8221;#ffffff&#8221; header_font_size=&#8221;80px&#8221; header_letter_spacing=&#8221;2px&#8221; header_font_size_tablet=&#8221;&#8221; header_font_size_phone=&#8221;25px&#8221; header_font_size_last_edited=&#8221;on|desktop&#8221; global_colors_info=&#8221;{}&#8221;]<\/p>\n<h1>JONAS G\u00d6WEIL<\/h1>\n<p>[\/et_pb_text][et_pb_divider color=&#8221;#FFFFFF&#8221; divider_weight=&#8221;5px&#8221; _builder_version=&#8221;4.16&#8243; _module_preset=&#8221;default&#8221; width=&#8221;100px&#8221; max_width=&#8221;10%&#8221; global_colors_info=&#8221;{}&#8221;][\/et_pb_divider][et_pb_text _builder_version=&#8221;4.16&#8243; _module_preset=&#8221;default&#8221; text_font=&#8221;Roboto Condensed||||||||&#8221; text_text_color=&#8221;#FFFFFF&#8221; text_font_size=&#8221;20px&#8221; text_letter_spacing=&#8221;2px&#8221; global_colors_info=&#8221;{}&#8221;]<\/p>\n<p>CUBE ACTIONTEAM RIDER<\/p>\n<p>[\/et_pb_text][\/et_pb_column][\/et_pb_row][\/et_pb_section][et_pb_section fb_built=&#8221;1&#8243; _builder_version=&#8221;4.16&#8243; _module_preset=&#8221;default&#8221; custom_padding=&#8221;||0px|||&#8221; global_colors_info=&#8221;{}&#8221;][et_pb_row _builder_version=&#8221;4.16&#8243; _module_preset=&#8221;default&#8221; width=&#8221;90%&#8221; custom_padding=&#8221;32px||32px|||&#8221; global_colors_info=&#8221;{}&#8221;][et_pb_column type=&#8221;4_4&#8243; _builder_version=&#8221;4.16&#8243; _module_preset=&#8221;default&#8221; global_colors_info=&#8221;{}&#8221;][et_pb_text _builder_version=&#8221;4.16&#8243; _module_preset=&#8221;default&#8221; text_font=&#8221;Roboto Condensed||||||||&#8221; text_font_size=&#8221;16px&#8221; text_line_height=&#8221;1.6em&#8221; text_orientation=&#8221;center&#8221; max_width=&#8221;870px&#8221; module_alignment=&#8221;center&#8221; global_colors_info=&#8221;{}&#8221;]<\/p>\n<p><strong>Motto: &#8220;Erfolg hat drei Buchstaben \u2013 TUN.&#8221;<\/strong><\/p>\n<p><span data-contrast=\"none\" xml:lang=\"DE-AT\" lang=\"DE-AT\" class=\"TextRun Highlight SCXW49592189 BCX4\"><span class=\"NormalTextRun SCXW49592189 BCX4\">Jonas&#8217; Begeisterung f\u00fcr Extremsportarten manifestiert sich nicht nur auf dem Mountainbike, sondern auch in der Freizeit, wenn er dem Klettern und Skifahren nachgeht. Aus seiner erfolgreichen Downhill-Vergangenheit sch\u00f6pfend, repr\u00e4sentiert er nun seit vier Jahren als Kernfahrer des CUBE Actionteams St\u00e4rke und Geschicklichkeit in der Enduro World Series.<\/span><\/span><span class=\"EOP SCXW49592189 BCX4\" data-ccp-props=\"{}\">\u00a0<\/span><\/p>\n<p>[\/et_pb_text][\/et_pb_column][\/et_pb_row][\/et_pb_section][et_pb_section fb_built=&#8221;1&#8243; admin_label=&#8221;FAQ&#8221; _builder_version=&#8221;4.16&#8243; custom_padding=&#8221;64px|0px|64px|0px|true|false&#8221; global_colors_info=&#8221;{}&#8221;][et_pb_row _builder_version=&#8221;4.16&#8243; _module_preset=&#8221;default&#8221; width=&#8221;90%&#8221; max_width=&#8221;1410px&#8221; custom_margin=&#8221;0px|auto|0px|auto|false|false&#8221; locked=&#8221;off&#8221; global_colors_info=&#8221;{}&#8221;][et_pb_column type=&#8221;4_4&#8243; _builder_version=&#8221;4.16&#8243; _module_preset=&#8221;default&#8221; global_colors_info=&#8221;{}&#8221;][et_pb_text admin_label=&#8221;Text&#8221; module_id=&#8221;text-underline-decoration&#8221; module_class=&#8221;text-underline-decoration&#8221; _builder_version=&#8221;4.16&#8243; _module_preset=&#8221;default&#8221; text_font=&#8221;Roboto Condensed|700|||||||&#8221; text_text_color=&#8221;#223137&#8243; text_font_size=&#8221;20px&#8221; text_letter_spacing=&#8221;2px&#8221; text_line_height=&#8221;1.6em&#8221; header_font=&#8221;Roboto Condensed|700|||||||&#8221; header_text_color=&#8221;#333333&#8243; header_font_size=&#8221;20px&#8221; header_letter_spacing=&#8221;3px&#8221; header_2_font=&#8221;Roboto Condensed|700|||||||&#8221; header_2_text_color=&#8221;#333333&#8243; header_2_font_size=&#8221;20px&#8221; header_2_letter_spacing=&#8221;2px&#8221; custom_margin=&#8221;||0px||false|false&#8221; custom_css_main_element=&#8221;padding-bottom:1rem;&#8221; global_colors_info=&#8221;{}&#8221;]<\/p>\n<h2>ABOUT JONAS<\/h2>\n<p>[\/et_pb_text][et_pb_divider color=&#8221;rgba(34,49,55,0.28)&#8221; _builder_version=&#8221;4.16&#8243; _module_preset=&#8221;default&#8221; custom_margin=&#8221;0px||||false|false&#8221; global_colors_info=&#8221;{}&#8221; max_height__hover_enabled=&#8221;off|desktop&#8221;][\/et_pb_divider][\/et_pb_column][\/et_pb_row][et_pb_row column_structure=&#8221;1_2,1_2&#8243; _builder_version=&#8221;4.16&#8243; background_size=&#8221;initial&#8221; background_position=&#8221;top_left&#8221; background_repeat=&#8221;repeat&#8221; width=&#8221;90%&#8221; max_width=&#8221;1410px&#8221; custom_padding=&#8221;40px|0px|0px|0px||&#8221; global_colors_info=&#8221;{}&#8221;][et_pb_column type=&#8221;1_2&#8243; _builder_version=&#8221;4.16&#8243; custom_padding=&#8221;|||&#8221; global_colors_info=&#8221;{}&#8221; custom_padding__hover=&#8221;|||&#8221;][et_pb_text admin_label=&#8221;1&#8243; _builder_version=&#8221;4.16&#8243; text_font=&#8221;Roboto Condensed||||||||&#8221; text_text_color=&#8221;#223137&#8243; text_font_size=&#8221;16px&#8221; text_line_height=&#8221;1.8em&#8221; header_font=&#8221;Roboto Condensed|600|||||||&#8221; header_text_color=&#8221;#223137&#8243; header_font_size=&#8221;20px&#8221; header_line_height=&#8221;1.4em&#8221; background_size=&#8221;initial&#8221; background_position=&#8221;top_left&#8221; background_repeat=&#8221;repeat&#8221; max_width=&#8221;710px&#8221; module_alignment=&#8221;center&#8221; global_colors_info=&#8221;{}&#8221;]<\/p>\n<h1>What do you do when you are not on the bike?<\/h1>\n<p>When I&#8217;m not on the bike, I do some kind of sport like climbing, skiing or ski touring or I spend my time in nature.<\/p>\n<p>[\/et_pb_text][\/et_pb_column][et_pb_column type=&#8221;1_2&#8243; _builder_version=&#8221;4.16&#8243; custom_padding=&#8221;|||&#8221; global_colors_info=&#8221;{}&#8221; custom_padding__hover=&#8221;|||&#8221;][et_pb_text admin_label=&#8221;1&#8243; _builder_version=&#8221;4.16&#8243; text_font=&#8221;Roboto Condensed||||||||&#8221; text_text_color=&#8221;#223137&#8243; text_font_size=&#8221;16px&#8221; text_line_height=&#8221;1.8em&#8221; header_font=&#8221;Roboto Condensed|600|||||||&#8221; header_text_color=&#8221;#223137&#8243; header_font_size=&#8221;20px&#8221; header_line_height=&#8221;1.4em&#8221; background_size=&#8221;initial&#8221; background_position=&#8221;top_left&#8221; background_repeat=&#8221;repeat&#8221; max_width=&#8221;710px&#8221; module_alignment=&#8221;center&#8221; global_colors_info=&#8221;{}&#8221;]<\/p>\n<h1> How do you motivate yourself?<\/h1>\n<p>The best way to motivate me is music and the right biking weather like blue sky or pouring rain. Both are cool.<\/p>\n<p>[\/et_pb_text][\/et_pb_column][\/et_pb_row][et_pb_row column_structure=&#8221;1_2,1_2&#8243; _builder_version=&#8221;4.16&#8243; background_size=&#8221;initial&#8221; background_position=&#8221;top_left&#8221; background_repeat=&#8221;repeat&#8221; width=&#8221;90%&#8221; max_width=&#8221;1410px&#8221; custom_padding=&#8221;40px|0px|0px|0px||&#8221; global_colors_info=&#8221;{}&#8221;][et_pb_column type=&#8221;1_2&#8243; _builder_version=&#8221;4.16&#8243; custom_padding=&#8221;|||&#8221; global_colors_info=&#8221;{}&#8221; custom_padding__hover=&#8221;|||&#8221;][et_pb_text admin_label=&#8221;1&#8243; _builder_version=&#8221;4.16&#8243; text_font=&#8221;Roboto Condensed||||||||&#8221; text_text_color=&#8221;#223137&#8243; text_font_size=&#8221;16px&#8221; text_line_height=&#8221;1.8em&#8221; header_font=&#8221;Roboto Condensed|600|||||||&#8221; header_text_color=&#8221;#223137&#8243; header_font_size=&#8221;20px&#8221; header_line_height=&#8221;1.4em&#8221; background_size=&#8221;initial&#8221; background_position=&#8221;top_left&#8221; background_repeat=&#8221;repeat&#8221; max_width=&#8221;710px&#8221; module_alignment=&#8221;center&#8221; global_colors_info=&#8221;{}&#8221;]<\/p>\n<h1>What do you do before the start?<\/h1>\n<p><span>Before the start I warm up, concentrate on the course and breathe in and out deeply.<\/p>\n<p>[\/et_pb_text][\/et_pb_column][et_pb_column type=&#8221;1_2&#8243; _builder_version=&#8221;4.16&#8243; custom_padding=&#8221;|||&#8221; global_colors_info=&#8221;{}&#8221; custom_padding__hover=&#8221;|||&#8221;][et_pb_text admin_label=&#8221;1&#8243; _builder_version=&#8221;4.16&#8243; text_font=&#8221;Roboto Condensed||||||||&#8221; text_text_color=&#8221;#223137&#8243; text_font_size=&#8221;16px&#8221; text_line_height=&#8221;1.8em&#8221; header_font=&#8221;Roboto Condensed|600|||||||&#8221; header_text_color=&#8221;#223137&#8243; header_font_size=&#8221;20px&#8221; header_line_height=&#8221;1.4em&#8221; background_size=&#8221;initial&#8221; background_position=&#8221;top_left&#8221; background_repeat=&#8221;repeat&#8221; max_width=&#8221;710px&#8221; module_alignment=&#8221;center&#8221; global_colors_info=&#8221;{}&#8221;]<\/p>\n<h1>Where do you prefer to train?<\/h1>\n<p>I prefer to train in Innsbruck, because there are countless trails and training possibilities on and off the bike.<\/p>\n<p>[\/et_pb_text][\/et_pb_column][\/et_pb_row][et_pb_row column_structure=&#8221;1_2,1_2&#8243; _builder_version=&#8221;4.16&#8243; background_size=&#8221;initial&#8221; background_position=&#8221;top_left&#8221; background_repeat=&#8221;repeat&#8221; width=&#8221;90%&#8221; max_width=&#8221;1410px&#8221; custom_padding=&#8221;40px|0px|0px|0px||&#8221; global_colors_info=&#8221;{}&#8221;][et_pb_column type=&#8221;1_2&#8243; _builder_version=&#8221;4.16&#8243; custom_padding=&#8221;|||&#8221; global_colors_info=&#8221;{}&#8221; custom_padding__hover=&#8221;|||&#8221;][et_pb_text admin_label=&#8221;1&#8243; _builder_version=&#8221;4.16&#8243; text_font=&#8221;Roboto Condensed||||||||&#8221; text_text_color=&#8221;#223137&#8243; text_font_size=&#8221;16px&#8221; text_line_height=&#8221;1.8em&#8221; header_font=&#8221;Roboto Condensed|600|||||||&#8221; header_text_color=&#8221;#223137&#8243; header_font_size=&#8221;20px&#8221; header_line_height=&#8221;1.4em&#8221; background_size=&#8221;initial&#8221; background_position=&#8221;top_left&#8221; background_repeat=&#8221;repeat&#8221; max_width=&#8221;710px&#8221; module_alignment=&#8221;center&#8221; global_colors_info=&#8221;{}&#8221;]<\/p>\n<h1>What is important to you on your bike?<\/h1>\n<p>My bike should function as quietly as possible, which always works.<\/p>\n<p>[\/et_pb_text][\/et_pb_column][et_pb_column type=&#8221;1_2&#8243; _builder_version=&#8221;4.16&#8243; custom_padding=&#8221;|||&#8221; global_colors_info=&#8221;{}&#8221; custom_padding__hover=&#8221;|||&#8221;][et_pb_text admin_label=&#8221;1&#8243; _builder_version=&#8221;4.16&#8243; text_font=&#8221;Roboto Condensed||||||||&#8221; text_text_color=&#8221;#223137&#8243; text_font_size=&#8221;16px&#8221; text_line_height=&#8221;1.8em&#8221; header_font=&#8221;Roboto Condensed|600|||||||&#8221; header_text_color=&#8221;#223137&#8243; header_font_size=&#8221;20px&#8221; header_line_height=&#8221;1.4em&#8221; background_size=&#8221;initial&#8221; background_position=&#8221;top_left&#8221; background_repeat=&#8221;repeat&#8221; max_width=&#8221;710px&#8221; module_alignment=&#8221;center&#8221; global_colors_info=&#8221;{}&#8221;]<\/p>\n<h1>What are your goals?<\/h1>\n<p>My big goal is to achieve a top 20 position in the Enduro World Series and to perform consistently.<\/p>\n<p>[\/et_pb_text][\/et_pb_column][\/et_pb_row][\/et_pb_section][et_pb_section fb_built=&#8221;1&#8243; _builder_version=&#8221;4.16&#8243; _module_preset=&#8221;default&#8221; custom_padding=&#8221;0px||0px|||&#8221; global_colors_info=&#8221;{}&#8221;][et_pb_row _builder_version=&#8221;4.16&#8243; _module_preset=&#8221;default&#8221; width=&#8221;90%&#8221; max_width=&#8221;1410px&#8221; custom_padding=&#8221;0px||0px||false|false&#8221; global_colors_info=&#8221;{}&#8221;][et_pb_column type=&#8221;4_4&#8243; _builder_version=&#8221;4.16&#8243; _module_preset=&#8221;default&#8221; global_colors_info=&#8221;{}&#8221;][et_pb_video src=&#8221;https:\/\/youtu.be\/AA1ZL35NJEM&#8221; src_webm=&#8221;https:\/\/youtu.be\/AA1ZL35NJEM&#8221; _builder_version=&#8221;4.9.10&#8243; _module_preset=&#8221;default&#8221;][\/et_pb_video][\/et_pb_column][\/et_pb_row][\/et_pb_section][et_pb_section fb_built=&#8221;1&#8243; _builder_version=&#8221;4.16&#8243; custom_margin=&#8221;64px||64px||false|false&#8221; custom_padding=&#8221;10px|0px|10px|0px|true|false&#8221; locked=&#8221;off&#8221; global_colors_info=&#8221;{}&#8221;][et_pb_row column_structure=&#8221;1_4,1_4,1_4,1_4&#8243; use_custom_gutter=&#8221;on&#8221; gutter_width=&#8221;1&#8243; module_class=&#8221; et_pb_row_fullwidth&#8221; _builder_version=&#8221;4.16&#8243; width=&#8221;100%&#8221; width_tablet=&#8221;100%&#8221; width_phone=&#8221;&#8221; width_last_edited=&#8221;on|desktop&#8221; max_width=&#8221;100%&#8221; max_width_tablet=&#8221;100%&#8221; max_width_phone=&#8221;&#8221; max_width_last_edited=&#8221;on|desktop&#8221; custom_padding=&#8221;0|0px|0|0px|true|false&#8221; border_width_all=&#8221;5px&#8221; border_color_all=&#8221;#ffffff&#8221; make_fullwidth=&#8221;on&#8221; global_colors_info=&#8221;{}&#8221;][et_pb_column type=&#8221;1_4&#8243; _builder_version=&#8221;4.16&#8243; custom_padding=&#8221;|||&#8221; global_colors_info=&#8221;{}&#8221; custom_padding__hover=&#8221;|||&#8221;][et_pb_image src=&#8221;https:\/\/cubeactionteam.eu\/wp-content\/uploads\/2024\/05\/cat_webiste_bilder_jonas_goeweil-1.jpg&#8221; title_text=&#8221;cat_webiste_bilder_jonas_goeweil&#8221; show_in_lightbox=&#8221;on&#8221; use_overlay=&#8221;on&#8221; overlay_icon_color=&#8221;rgba(0,0,0,0)&#8221; hover_overlay_color=&#8221;rgba(0,0,0,0.15)&#8221; align_tablet=&#8221;center&#8221; align_phone=&#8221;&#8221; align_last_edited=&#8221;on|desktop&#8221; _builder_version=&#8221;4.24.3&#8243; hover_enabled=&#8221;0&#8243; border_width_all=&#8221;5px&#8221; border_color_all=&#8221;#ffffff&#8221; global_colors_info=&#8221;{}&#8221; sticky_enabled=&#8221;0&#8243;][\/et_pb_image][et_pb_image src=&#8221;https:\/\/cubeactionteam.eu\/wp-content\/uploads\/2024\/05\/cat_webiste_bilder_jonas_goeweil5.jpg&#8221; title_text=&#8221;cat_webiste_bilder_jonas_goeweil5&#8243; show_in_lightbox=&#8221;on&#8221; use_overlay=&#8221;on&#8221; overlay_icon_color=&#8221;rgba(0,0,0,0)&#8221; hover_overlay_color=&#8221;rgba(0,0,0,0.15)&#8221; align_tablet=&#8221;center&#8221; align_phone=&#8221;&#8221; align_last_edited=&#8221;on|desktop&#8221; _builder_version=&#8221;4.24.3&#8243; hover_enabled=&#8221;0&#8243; border_width_all=&#8221;5px&#8221; border_color_all=&#8221;#ffffff&#8221; global_colors_info=&#8221;{}&#8221; sticky_enabled=&#8221;0&#8243;][\/et_pb_image][\/et_pb_column][et_pb_column type=&#8221;1_4&#8243; _builder_version=&#8221;4.16&#8243; custom_padding=&#8221;|||&#8221; global_colors_info=&#8221;{}&#8221; custom_padding__hover=&#8221;|||&#8221;][et_pb_image src=&#8221;https:\/\/cubeactionteam.eu\/wp-content\/uploads\/2024\/05\/cat_webiste_bilder_jonas_goeweil2.jpg&#8221; title_text=&#8221;cat_webiste_bilder_jonas_goeweil2&#8243; show_in_lightbox=&#8221;on&#8221; use_overlay=&#8221;on&#8221; overlay_icon_color=&#8221;rgba(0,0,0,0)&#8221; hover_overlay_color=&#8221;rgba(0,0,0,0.15)&#8221; align_tablet=&#8221;center&#8221; align_phone=&#8221;&#8221; align_last_edited=&#8221;on|desktop&#8221; _builder_version=&#8221;4.24.3&#8243; hover_enabled=&#8221;0&#8243; border_width_all=&#8221;5px&#8221; border_color_all=&#8221;#ffffff&#8221; border_width_top_tablet=&#8221;&#8221; border_width_top_phone=&#8221;5px&#8221; border_width_top_last_edited=&#8221;on|phone&#8221; border_color_top_tablet=&#8221;&#8221; border_color_top_phone=&#8221;#ffffff&#8221; border_color_top_last_edited=&#8221;on|desktop&#8221; global_colors_info=&#8221;{}&#8221; sticky_enabled=&#8221;0&#8243;][\/et_pb_image][et_pb_image src=&#8221;https:\/\/cubeactionteam.eu\/wp-content\/uploads\/2024\/05\/cat_webiste_bilder_jonas_goeweil7.jpg&#8221; title_text=&#8221;cat_webiste_bilder_jonas_goeweil7&#8243; show_in_lightbox=&#8221;on&#8221; use_overlay=&#8221;on&#8221; overlay_icon_color=&#8221;rgba(0,0,0,0)&#8221; hover_overlay_color=&#8221;rgba(0,0,0,0.15)&#8221; align_tablet=&#8221;center&#8221; align_phone=&#8221;&#8221; align_last_edited=&#8221;on|desktop&#8221; _builder_version=&#8221;4.24.3&#8243; hover_enabled=&#8221;0&#8243; border_width_all=&#8221;5px&#8221; border_color_all=&#8221;#ffffff&#8221; border_width_top_tablet=&#8221;&#8221; border_width_top_phone=&#8221;5px&#8221; border_width_top_last_edited=&#8221;on|phone&#8221; border_color_top_tablet=&#8221;&#8221; border_color_top_phone=&#8221;#ffffff&#8221; border_color_top_last_edited=&#8221;on|desktop&#8221; global_colors_info=&#8221;{}&#8221; sticky_enabled=&#8221;0&#8243;][\/et_pb_image][\/et_pb_column][et_pb_column type=&#8221;1_4&#8243; _builder_version=&#8221;4.16&#8243; custom_padding=&#8221;|||&#8221; global_colors_info=&#8221;{}&#8221; custom_padding__hover=&#8221;|||&#8221;][et_pb_image src=&#8221;https:\/\/cubeactionteam.eu\/wp-content\/uploads\/2024\/05\/cat_webiste_bilder_jonas_goeweil3.jpg&#8221; title_text=&#8221;cat_webiste_bilder_jonas_goeweil3&#8243; show_in_lightbox=&#8221;on&#8221; use_overlay=&#8221;on&#8221; overlay_icon_color=&#8221;rgba(0,0,0,0)&#8221; hover_overlay_color=&#8221;rgba(0,0,0,0.15)&#8221; align_tablet=&#8221;center&#8221; align_phone=&#8221;&#8221; align_last_edited=&#8221;on|desktop&#8221; _builder_version=&#8221;4.24.3&#8243; hover_enabled=&#8221;0&#8243; border_width_all=&#8221;5px&#8221; border_color_all=&#8221;#ffffff&#8221; border_width_top_tablet=&#8221;&#8221; border_width_top_phone=&#8221;5px&#8221; border_width_top_last_edited=&#8221;on|phone&#8221; border_color_top_tablet=&#8221;&#8221; border_color_top_phone=&#8221;#ffffff&#8221; border_color_top_last_edited=&#8221;on|desktop&#8221; global_colors_info=&#8221;{}&#8221; sticky_enabled=&#8221;0&#8243;][\/et_pb_image][et_pb_image src=&#8221;https:\/\/cubeactionteam.eu\/wp-content\/uploads\/2024\/05\/cat_webiste_bilder_jonas_goeweil6.jpg&#8221; title_text=&#8221;cat_webiste_bilder_jonas_goeweil6&#8243; show_in_lightbox=&#8221;on&#8221; use_overlay=&#8221;on&#8221; overlay_icon_color=&#8221;rgba(0,0,0,0)&#8221; hover_overlay_color=&#8221;rgba(0,0,0,0.15)&#8221; align_tablet=&#8221;center&#8221; align_phone=&#8221;&#8221; align_last_edited=&#8221;on|desktop&#8221; _builder_version=&#8221;4.24.3&#8243; hover_enabled=&#8221;0&#8243; border_width_all=&#8221;5px&#8221; border_color_all=&#8221;#ffffff&#8221; border_width_top_tablet=&#8221;&#8221; border_width_top_phone=&#8221;5px&#8221; border_width_top_last_edited=&#8221;on|phone&#8221; border_color_top_tablet=&#8221;&#8221; border_color_top_phone=&#8221;#ffffff&#8221; border_color_top_last_edited=&#8221;on|desktop&#8221; global_colors_info=&#8221;{}&#8221; sticky_enabled=&#8221;0&#8243;][\/et_pb_image][\/et_pb_column][et_pb_column type=&#8221;1_4&#8243; _builder_version=&#8221;4.16&#8243; custom_padding=&#8221;|||&#8221; global_colors_info=&#8221;{}&#8221; custom_padding__hover=&#8221;|||&#8221;][et_pb_image src=&#8221;https:\/\/cubeactionteam.eu\/wp-content\/uploads\/2024\/05\/cat_webiste_bilder_jonas_goeweil4.jpg&#8221; title_text=&#8221;cat_webiste_bilder_jonas_goeweil4&#8243; show_in_lightbox=&#8221;on&#8221; use_overlay=&#8221;on&#8221; overlay_icon_color=&#8221;rgba(0,0,0,0)&#8221; hover_overlay_color=&#8221;rgba(0,0,0,0.15)&#8221; align_tablet=&#8221;center&#8221; align_phone=&#8221;&#8221; align_last_edited=&#8221;on|desktop&#8221; _builder_version=&#8221;4.24.3&#8243; hover_enabled=&#8221;0&#8243; border_width_all=&#8221;5px&#8221; border_color_all=&#8221;#ffffff&#8221; border_width_top_tablet=&#8221;&#8221; border_width_top_phone=&#8221;0px&#8221; border_width_top_last_edited=&#8221;on|phone&#8221; border_color_top_tablet=&#8221;&#8221; border_color_top_phone=&#8221;#ffffff&#8221; border_color_top_last_edited=&#8221;on|desktop&#8221; global_colors_info=&#8221;{}&#8221; sticky_enabled=&#8221;0&#8243;][\/et_pb_image][et_pb_image src=&#8221;https:\/\/cubeactionteam.eu\/wp-content\/uploads\/2024\/05\/cat_webiste_bilder_jonas_goeweil8.jpg&#8221; title_text=&#8221;cat_webiste_bilder_jonas_goeweil8&#8243; show_in_lightbox=&#8221;on&#8221; use_overlay=&#8221;on&#8221; overlay_icon_color=&#8221;rgba(0,0,0,0)&#8221; hover_overlay_color=&#8221;rgba(0,0,0,0.15)&#8221; align_tablet=&#8221;center&#8221; align_phone=&#8221;&#8221; align_last_edited=&#8221;on|desktop&#8221; _builder_version=&#8221;4.24.3&#8243; hover_enabled=&#8221;0&#8243; border_width_all=&#8221;5px&#8221; border_color_all=&#8221;#ffffff&#8221; border_width_top_tablet=&#8221;&#8221; border_width_top_phone=&#8221;0px&#8221; border_width_top_last_edited=&#8221;on|phone&#8221; border_color_top_tablet=&#8221;&#8221; border_color_top_phone=&#8221;#ffffff&#8221; border_color_top_last_edited=&#8221;on|desktop&#8221; global_colors_info=&#8221;{}&#8221; sticky_enabled=&#8221;0&#8243;][\/et_pb_image][\/et_pb_column][\/et_pb_row][\/et_pb_section]<\/p>\n","protected":false},"excerpt":{"rendered":"<p>JONAS G\u00d6WEILCUBE ACTIONTEAM RIDERMotto: &#8220;Erfolg hat drei Buchstaben \u2013 TUN.&#8221; Jonas&#8217; Begeisterung f\u00fcr Extremsportarten manifestiert sich nicht nur auf dem Mountainbike, sondern auch in der Freizeit, wenn er dem Klettern und Skifahren nachgeht. Aus seiner erfolgreichen Downhill-Vergangenheit sch\u00f6pfend, repr\u00e4sentiert er nun seit vier Jahren als Kernfahrer des CUBE Actionteams St\u00e4rke und Geschicklichkeit in der Enduro [&hellip;]<\/p>\n","protected":false},"author":1,"featured_media":0,"parent":0,"menu_order":0,"comment_status":"closed","ping_status":"closed","template":"","meta":{"_et_pb_use_builder":"on","_et_pb_old_content":"","_et_gb_content_width":"","footnotes":""},"class_list":["post-51094","page","type-page","status-publish","hentry"],"_links":{"self":[{"href":"https:\/\/cubeactionteam.eu\/en\/wp-json\/wp\/v2\/pages\/51094","targetHints":{"allow":["GET"]}}],"collection":[{"href":"https:\/\/cubeactionteam.eu\/en\/wp-json\/wp\/v2\/pages"}],"about":[{"href":"https:\/\/cubeactionteam.eu\/en\/wp-json\/wp\/v2\/types\/page"}],"author":[{"embeddable":true,"href":"https:\/\/cubeactionteam.eu\/en\/wp-json\/wp\/v2\/users\/1"}],"replies":[{"embeddable":true,"href":"https:\/\/cubeactionteam.eu\/en\/wp-json\/wp\/v2\/comments?post=51094"}],"version-history":[{"count":13,"href":"https:\/\/cubeactionteam.eu\/en\/wp-json\/wp\/v2\/pages\/51094\/revisions"}],"predecessor-version":[{"id":53583,"href":"https:\/\/cubeactionteam.eu\/en\/wp-json\/wp\/v2\/pages\/51094\/revisions\/53583"}],"wp:attachment":[{"href":"https:\/\/cubeactionteam.eu\/en\/wp-json\/wp\/v2\/media?parent=51094"}],"curies":[{"name":"wp","href":"https:\/\/api.w.org\/{rel}","templated":true}]}}