{"id":53476,"date":"2025-01-16T16:31:34","date_gmt":"2025-01-16T15:31:34","guid":{"rendered":"https:\/\/cubeactionteam.eu\/simona-kuchynkova"},"modified":"2025-05-14T12:07:45","modified_gmt":"2025-05-14T10:07:45","slug":"simona-kuchynkova","status":"publish","type":"page","link":"https:\/\/cubeactionteam.eu\/en\/simona-kuchynkova","title":{"rendered":"Simona Kuchy\u0148kov\u00e1"},"content":{"rendered":"<p>[et_pb_section fb_built=&#8221;1&#8243; _builder_version=&#8221;4.27.4&#8243; background_color=&#8221;#383838&#8243; background_image=&#8221;https:\/\/cubeactionteam.eu\/wp-content\/uploads\/2025\/05\/cat25_simona-kuchynkova_finaleligure\u00a9invisions.at_11-scaled.jpg&#8221; custom_padding=&#8221;270px|45px|270px|45px|true|true&#8221; hover_enabled=&#8221;0&#8243; locked=&#8221;off&#8221; global_colors_info=&#8221;{}&#8221; title_text=&#8221;cat25_simona-kuchynkova_finaleligure\u00a9invisions.at_11&#8243; sticky_enabled=&#8221;0&#8243;][et_pb_row use_custom_gutter=&#8221;on&#8221; gutter_width=&#8221;1&#8243; module_class=&#8221; et_pb_row_fullwidth&#8221; _builder_version=&#8221;4.16&#8243; width=&#8221;100%&#8221; width_tablet=&#8221;100%&#8221; width_phone=&#8221;&#8221; width_last_edited=&#8221;on|desktop&#8221; max_width=&#8221;1410px&#8221; max_width_tablet=&#8221;100%&#8221; max_width_phone=&#8221;&#8221; max_width_last_edited=&#8221;on|desktop&#8221; make_fullwidth=&#8221;on&#8221; global_colors_info=&#8221;{}&#8221;][et_pb_column type=&#8221;4_4&#8243; _builder_version=&#8221;4.16&#8243; custom_padding=&#8221;|||&#8221; global_colors_info=&#8221;{}&#8221; custom_padding__hover=&#8221;|||&#8221;][et_pb_text _builder_version=&#8221;4.27.0&#8243; text_font=&#8221;Roboto Condensed||||||||&#8221; text_text_color=&#8221;#5499D4&#8243; text_font_size=&#8221;16px&#8221; header_font=&#8221;Roboto Condensed|700||on|||||&#8221; header_text_align=&#8221;left&#8221; header_text_color=&#8221;#ffffff&#8221; header_font_size=&#8221;80px&#8221; header_letter_spacing=&#8221;2px&#8221; header_font_size_tablet=&#8221;&#8221; header_font_size_phone=&#8221;25px&#8221; header_font_size_last_edited=&#8221;on|desktop&#8221; global_colors_info=&#8221;{}&#8221;]<\/p>\n<h1>Simona Kuchy\u0148kov\u00e1<\/h1>\n<p>[\/et_pb_text][et_pb_divider color=&#8221;#FFFFFF&#8221; divider_weight=&#8221;5px&#8221; _builder_version=&#8221;4.16&#8243; _module_preset=&#8221;default&#8221; width=&#8221;100px&#8221; max_width=&#8221;10%&#8221; global_colors_info=&#8221;{}&#8221;][\/et_pb_divider][et_pb_text _builder_version=&#8221;4.27.0&#8243; _module_preset=&#8221;default&#8221; text_font=&#8221;Roboto Condensed||||||||&#8221; text_text_color=&#8221;#FFFFFF&#8221; text_font_size=&#8221;20px&#8221; text_letter_spacing=&#8221;2px&#8221; global_colors_info=&#8221;{}&#8221;]<\/p>\n<p>CUBE ACTIONTEAM TEAM RIDER<\/p>\n<p>[\/et_pb_text][\/et_pb_column][\/et_pb_row][\/et_pb_section][et_pb_section fb_built=&#8221;1&#8243; admin_label=&#8221;FAQ&#8221; _builder_version=&#8221;4.16&#8243; custom_padding=&#8221;64px|0px|64px|0px|true|false&#8221; locked=&#8221;off&#8221; global_colors_info=&#8221;{}&#8221;][et_pb_row _builder_version=&#8221;4.16&#8243; _module_preset=&#8221;default&#8221; width=&#8221;90%&#8221; max_width=&#8221;1410px&#8221; custom_margin=&#8221;0px|auto|0px|auto|false|false&#8221; locked=&#8221;off&#8221; global_colors_info=&#8221;{}&#8221;][et_pb_column type=&#8221;4_4&#8243; _builder_version=&#8221;4.16&#8243; _module_preset=&#8221;default&#8221; global_colors_info=&#8221;{}&#8221;][et_pb_text admin_label=&#8221;Text&#8221; module_id=&#8221;text-underline-decoration&#8221; module_class=&#8221;text-underline-decoration&#8221; _builder_version=&#8221;4.27.0&#8243; _module_preset=&#8221;default&#8221; text_font=&#8221;Roboto Condensed|700|||||||&#8221; text_text_color=&#8221;#223137&#8243; text_font_size=&#8221;20px&#8221; text_letter_spacing=&#8221;2px&#8221; text_line_height=&#8221;1.6em&#8221; header_font=&#8221;Roboto Condensed|700|||||||&#8221; header_text_color=&#8221;#333333&#8243; header_font_size=&#8221;20px&#8221; header_letter_spacing=&#8221;3px&#8221; header_2_font=&#8221;Roboto Condensed|700|||||||&#8221; header_2_text_color=&#8221;#333333&#8243; header_2_font_size=&#8221;20px&#8221; header_2_letter_spacing=&#8221;2px&#8221; custom_margin=&#8221;||0px||false|false&#8221; custom_css_main_element=&#8221;padding-bottom:1rem;&#8221; global_colors_info=&#8221;{}&#8221;]<\/p>\n<h2>About SIMONA<\/h2>\n<p>[\/et_pb_text][et_pb_divider color=&#8221;rgba(34,49,55,0.28)&#8221; _builder_version=&#8221;4.16&#8243; _module_preset=&#8221;default&#8221; custom_margin=&#8221;0px||||false|false&#8221; global_colors_info=&#8221;{}&#8221; max_height__hover_enabled=&#8221;off|desktop&#8221;][\/et_pb_divider][\/et_pb_column][\/et_pb_row][et_pb_row column_structure=&#8221;1_2,1_2&#8243; _builder_version=&#8221;4.16&#8243; background_size=&#8221;initial&#8221; background_position=&#8221;top_left&#8221; background_repeat=&#8221;repeat&#8221; width=&#8221;90%&#8221; max_width=&#8221;1410px&#8221; custom_padding=&#8221;40px|0px|0px|0px||&#8221; global_colors_info=&#8221;{}&#8221;][et_pb_column type=&#8221;1_2&#8243; _builder_version=&#8221;4.16&#8243; custom_padding=&#8221;|||&#8221; global_colors_info=&#8221;{}&#8221; custom_padding__hover=&#8221;|||&#8221;][et_pb_text admin_label=&#8221;1&#8243; _builder_version=&#8221;4.27.0&#8243; text_font=&#8221;Roboto Condensed||||||||&#8221; text_text_color=&#8221;#223137&#8243; text_font_size=&#8221;16px&#8221; text_line_height=&#8221;1.8em&#8221; header_font=&#8221;Roboto Condensed|600|||||||&#8221; header_text_color=&#8221;#223137&#8243; header_font_size=&#8221;20px&#8221; header_line_height=&#8221;1.4em&#8221; background_size=&#8221;initial&#8221; background_position=&#8221;top_left&#8221; background_repeat=&#8221;repeat&#8221; max_width=&#8221;710px&#8221; module_alignment=&#8221;center&#8221; global_colors_info=&#8221;{}&#8221;]<\/p>\n<h1>What makes you stand out?<\/h1>\n<div>\n<div>\n<p>My story is definitely something special \u2013 how I got into the CUBE Action Team and everything I had to go through. I also believe that it\u2019s mainly my approach and dedication to the sport that make the difference. And my style on the bike is definitely something unique, haha.<\/p>\n<\/div>\n<\/div>\n<div>\u00a0<\/div>\n<p>[\/et_pb_text][\/et_pb_column][et_pb_column type=&#8221;1_2&#8243; _builder_version=&#8221;4.16&#8243; custom_padding=&#8221;|||&#8221; global_colors_info=&#8221;{}&#8221; custom_padding__hover=&#8221;|||&#8221;][et_pb_text admin_label=&#8221;1&#8243; _builder_version=&#8221;4.27.0&#8243; text_font=&#8221;Roboto Condensed||||||||&#8221; text_text_color=&#8221;#223137&#8243; text_font_size=&#8221;16px&#8221; text_line_height=&#8221;1.8em&#8221; header_font=&#8221;Roboto Condensed|600|||||||&#8221; header_text_color=&#8221;#223137&#8243; header_font_size=&#8221;20px&#8221; header_line_height=&#8221;1.4em&#8221; background_size=&#8221;initial&#8221; background_position=&#8221;top_left&#8221; background_repeat=&#8221;repeat&#8221; max_width=&#8221;710px&#8221; module_alignment=&#8221;center&#8221; global_colors_info=&#8221;{}&#8221;]<\/p>\n<h1>What does the CUBE Action Team mean to you?<\/h1>\n<div>\n<p>It\u2019s an absolute honor for me and, above all, a dream come true! Being part of a pro team with such a legacy and those vibes has always been my goal.<\/p>\n<\/div>\n<div>\u00a0<\/div>\n<p>[\/et_pb_text][\/et_pb_column][\/et_pb_row][et_pb_row column_structure=&#8221;1_2,1_2&#8243; _builder_version=&#8221;4.16&#8243; background_size=&#8221;initial&#8221; background_position=&#8221;top_left&#8221; background_repeat=&#8221;repeat&#8221; width=&#8221;90%&#8221; max_width=&#8221;1410px&#8221; custom_padding=&#8221;40px|0px|0px|0px||&#8221; global_colors_info=&#8221;{}&#8221;][et_pb_column type=&#8221;1_2&#8243; _builder_version=&#8221;4.16&#8243; custom_padding=&#8221;|||&#8221; global_colors_info=&#8221;{}&#8221; custom_padding__hover=&#8221;|||&#8221;][et_pb_text admin_label=&#8221;1&#8243; _builder_version=&#8221;4.27.0&#8243; text_font=&#8221;Roboto Condensed||||||||&#8221; text_text_color=&#8221;#223137&#8243; text_font_size=&#8221;16px&#8221; text_line_height=&#8221;1.8em&#8221; header_font=&#8221;Roboto Condensed|600|||||||&#8221; header_text_color=&#8221;#223137&#8243; header_font_size=&#8221;20px&#8221; header_line_height=&#8221;1.4em&#8221; background_size=&#8221;initial&#8221; background_position=&#8221;top_left&#8221; background_repeat=&#8221;repeat&#8221; max_width=&#8221;710px&#8221; module_alignment=&#8221;center&#8221; global_colors_info=&#8221;{}&#8221;]<\/p>\n<h1>What do you do before the start?<\/h1>\n<div>\n<div>\n<p>I do a light warm-up, a few sprints, and some stability exercises. Then I crack my fingers and go for it!<\/p>\n<\/div>\n<\/div>\n<div>\u00a0<\/div>\n<p>[\/et_pb_text][\/et_pb_column][et_pb_column type=&#8221;1_2&#8243; _builder_version=&#8221;4.16&#8243; custom_padding=&#8221;|||&#8221; global_colors_info=&#8221;{}&#8221; custom_padding__hover=&#8221;|||&#8221;][et_pb_text admin_label=&#8221;1&#8243; _builder_version=&#8221;4.27.0&#8243; text_font=&#8221;Roboto Condensed||||||||&#8221; text_text_color=&#8221;#223137&#8243; text_font_size=&#8221;16px&#8221; text_line_height=&#8221;1.8em&#8221; header_font=&#8221;Roboto Condensed|600|||||||&#8221; header_text_color=&#8221;#223137&#8243; header_font_size=&#8221;20px&#8221; header_line_height=&#8221;1.4em&#8221; background_size=&#8221;initial&#8221; background_position=&#8221;top_left&#8221; background_repeat=&#8221;repeat&#8221; max_width=&#8221;710px&#8221; module_alignment=&#8221;center&#8221; global_colors_info=&#8221;{}&#8221;]<\/p>\n<h1>What are your goals?<\/h1>\n<div>\n<p>To reach the top spots, bring some steeze to the women\u2019s field, and have fun on the bike!<\/p>\n<\/div>\n<div>\u00a0<\/div>\n<p>[\/et_pb_text][\/et_pb_column][\/et_pb_row][et_pb_row column_structure=&#8221;1_2,1_2&#8243; _builder_version=&#8221;4.16&#8243; background_size=&#8221;initial&#8221; background_position=&#8221;top_left&#8221; background_repeat=&#8221;repeat&#8221; width=&#8221;90%&#8221; max_width=&#8221;1410px&#8221; custom_padding=&#8221;40px|0px|0px|0px||&#8221; global_colors_info=&#8221;{}&#8221;][et_pb_column type=&#8221;1_2&#8243; _builder_version=&#8221;4.16&#8243; custom_padding=&#8221;|||&#8221; global_colors_info=&#8221;{}&#8221; custom_padding__hover=&#8221;|||&#8221;][et_pb_text admin_label=&#8221;1&#8243; _builder_version=&#8221;4.27.0&#8243; text_font=&#8221;Roboto Condensed||||||||&#8221; text_text_color=&#8221;#223137&#8243; text_font_size=&#8221;16px&#8221; text_line_height=&#8221;1.8em&#8221; header_font=&#8221;Roboto Condensed|600|||||||&#8221; header_text_color=&#8221;#223137&#8243; header_font_size=&#8221;20px&#8221; header_line_height=&#8221;1.4em&#8221; background_size=&#8221;initial&#8221; background_position=&#8221;top_left&#8221; background_repeat=&#8221;repeat&#8221; max_width=&#8221;710px&#8221; module_alignment=&#8221;center&#8221; global_colors_info=&#8221;{}&#8221;]<\/p>\n<h1>Where do you most enjoy training?<\/h1>\n<div>\n<p>Honestly, I don\u2019t really mind \u2013 every place has its own charm, but Finale Ligure is definitely at the top of the list.<\/p>\n<\/div>\n<p>[\/et_pb_text][\/et_pb_column][et_pb_column type=&#8221;1_2&#8243; _builder_version=&#8221;4.16&#8243; custom_padding=&#8221;|||&#8221; global_colors_info=&#8221;{}&#8221; custom_padding__hover=&#8221;|||&#8221;][et_pb_text admin_label=&#8221;1&#8243; _builder_version=&#8221;4.27.0&#8243; text_font=&#8221;Roboto Condensed||||||||&#8221; text_text_color=&#8221;#223137&#8243; text_font_size=&#8221;16px&#8221; text_line_height=&#8221;1.8em&#8221; header_font=&#8221;Roboto Condensed|600|||||||&#8221; header_text_color=&#8221;#223137&#8243; header_font_size=&#8221;20px&#8221; header_line_height=&#8221;1.4em&#8221; background_size=&#8221;initial&#8221; background_position=&#8221;top_left&#8221; background_repeat=&#8221;repeat&#8221; max_width=&#8221;710px&#8221; module_alignment=&#8221;center&#8221; global_colors_info=&#8221;{}&#8221;]<\/p>\n<h1>What do you do when you&#8217;re not on the bike?<\/h1>\n<div>\n<p>I watch Formula 1 and all the drama around it, spend time with friends \u2013 mostly at the gym \u2013 and try out new sports. Right now, it\u2019s definitely squash!<\/p>\n<\/div>\n<div>\u00a0<\/div>\n<p>[\/et_pb_text][\/et_pb_column][\/et_pb_row][\/et_pb_section][et_pb_section fb_built=&#8221;1&#8243; _builder_version=&#8221;4.27.4&#8243; _module_preset=&#8221;default&#8221; module_alignment=&#8221;center&#8221; custom_margin=&#8221;-3px||64px||false|false&#8221; custom_padding=&#8221;10px|0px|10px|0px|true|false&#8221; global_colors_info=&#8221;{}&#8221; locked=&#8221;off&#8221;][et_pb_row use_custom_gutter=&#8221;on&#8221; gutter_width=&#8221;1&#8243; _builder_version=&#8221;4.27.4&#8243; _module_preset=&#8221;default&#8221; width=&#8221;100%&#8221; max_width=&#8221;100%&#8221; module_alignment=&#8221;center&#8221; custom_padding=&#8221;0px|||||&#8221; global_colors_info=&#8221;{}&#8221;][et_pb_column type=&#8221;4_4&#8243; _builder_version=&#8221;4.16&#8243; _module_preset=&#8221;default&#8221; global_colors_info=&#8221;{}&#8221;][et_pb_gallery gallery_ids=&#8221;53652,53650,53657,53623,53626,53615,53608,53591&#8243; gallery_orderby=&#8221;rand&#8221; posts_number=&#8221;8&#8243; show_title_and_caption=&#8221;off&#8221; show_pagination=&#8221;off&#8221; _builder_version=&#8221;4.27.4&#8243; _module_preset=&#8221;default&#8221; module_alignment=&#8221;center&#8221; hover_enabled=&#8221;0&#8243; global_colors_info=&#8221;{}&#8221; sticky_enabled=&#8221;0&#8243;][\/et_pb_gallery][\/et_pb_column][\/et_pb_row][\/et_pb_section][et_pb_section fb_built=&#8221;1&#8243; disabled_on=&#8221;on|on|on&#8221; _builder_version=&#8221;4.16&#8243; _module_preset=&#8221;default&#8221; custom_padding=&#8221;||0px|||&#8221; disabled=&#8221;on&#8221; locked=&#8221;off&#8221; global_colors_info=&#8221;{}&#8221;][et_pb_row _builder_version=&#8221;4.16&#8243; _module_preset=&#8221;default&#8221; width=&#8221;90%&#8221; custom_padding=&#8221;32px||32px|||&#8221; global_colors_info=&#8221;{}&#8221;][et_pb_column type=&#8221;4_4&#8243; _builder_version=&#8221;4.16&#8243; _module_preset=&#8221;default&#8221; global_colors_info=&#8221;{}&#8221;][et_pb_text _builder_version=&#8221;4.16&#8243; _module_preset=&#8221;default&#8221; text_font=&#8221;Roboto Condensed||||||||&#8221; text_font_size=&#8221;16px&#8221; text_line_height=&#8221;1.6em&#8221; text_orientation=&#8221;center&#8221; max_width=&#8221;870px&#8221; module_alignment=&#8221;center&#8221; global_colors_info=&#8221;{}&#8221;]<\/p>\n<p><strong>Motto: &#8220;CUBE your life!&#8221;<\/strong><\/p>\n<p><span data-contrast=\"auto\" xml:lang=\"DE-AT\" lang=\"DE-AT\" class=\"TextRun SCXW73990641 BCX4\"><span class=\"NormalTextRun SCXW73990641 BCX4\">Ich freue mich sehr, wieder Teil des <\/span><span class=\"NormalTextRun ContextualSpellingAndGrammarErrorV2Themed SCXW73990641 BCX4\">CUBE Actionteams<\/span><span class=\"NormalTextRun SCXW73990641 BCX4\"> zu sein. CUBE ist eine Marke, die mit Leidenschaft f\u00fcr den Rennsport brennt und immer die Grenzen des M\u00f6glichen auslotet. Das ist das, was f\u00fcr mich Racing ausmacht. Das Vaterwerden im letzten Jahr hat mein Leben definitiv ver\u00e4ndert, und deshalb war es f\u00fcr mich wichtig, vertraute und verst\u00e4ndnisvolle <\/span><span class=\"NormalTextRun ContextualSpellingAndGrammarErrorV2Themed SCXW73990641 BCX4\">Menschen<\/span><span class=\"NormalTextRun SCXW73990641 BCX4\"> um mich zu haben, um weiterhin auf h\u00f6chstem Niveau Rennen fahren zu k\u00f6nnen. Ich kenne Claus und Gusti nun schon viele Jahre, und ich kann es kaum erwarten zu sehen, was wir gemeinsam erreichen k\u00f6nnen<\/span><span class=\"NormalTextRun SCXW73990641 BCX4\">!<\/span><\/span><span class=\"EOP SCXW73990641 BCX4\" data-ccp-props=\"{}\">\u00a0<\/span><\/p>\n<p>[\/et_pb_text][\/et_pb_column][\/et_pb_row][\/et_pb_section]<\/p>\n","protected":false},"excerpt":{"rendered":"<p>Simona Kuchy\u0148kov\u00e1CUBE ACTIONTEAM TEAM RIDERAbout SIMONAWhat makes you stand out? My story is definitely something special \u2013 how I got into the CUBE Action Team and everything I had to go through. I also believe that it\u2019s mainly my approach and dedication to the sport that make the difference. And my style on the bike [&hellip;]<\/p>\n","protected":false},"author":1,"featured_media":0,"parent":0,"menu_order":0,"comment_status":"closed","ping_status":"closed","template":"","meta":{"_et_pb_use_builder":"on","_et_pb_old_content":"","_et_gb_content_width":"","footnotes":""},"class_list":["post-53476","page","type-page","status-publish","hentry"],"_links":{"self":[{"href":"https:\/\/cubeactionteam.eu\/en\/wp-json\/wp\/v2\/pages\/53476","targetHints":{"allow":["GET"]}}],"collection":[{"href":"https:\/\/cubeactionteam.eu\/en\/wp-json\/wp\/v2\/pages"}],"about":[{"href":"https:\/\/cubeactionteam.eu\/en\/wp-json\/wp\/v2\/types\/page"}],"author":[{"embeddable":true,"href":"https:\/\/cubeactionteam.eu\/en\/wp-json\/wp\/v2\/users\/1"}],"replies":[{"embeddable":true,"href":"https:\/\/cubeactionteam.eu\/en\/wp-json\/wp\/v2\/comments?post=53476"}],"version-history":[{"count":5,"href":"https:\/\/cubeactionteam.eu\/en\/wp-json\/wp\/v2\/pages\/53476\/revisions"}],"predecessor-version":[{"id":53700,"href":"https:\/\/cubeactionteam.eu\/en\/wp-json\/wp\/v2\/pages\/53476\/revisions\/53700"}],"wp:attachment":[{"href":"https:\/\/cubeactionteam.eu\/en\/wp-json\/wp\/v2\/media?parent=53476"}],"curies":[{"name":"wp","href":"https:\/\/api.w.org\/{rel}","templated":true}]}}